{"id":584,"date":"2021-11-30T15:39:00","date_gmt":"2021-11-30T21:39:00","guid":{"rendered":"https:\/\/customdecorators.com\/termes-et-conditions-mobiles\/"},"modified":"2021-11-30T15:39:00","modified_gmt":"2021-11-30T21:39:00","slug":"termes-et-conditions-mobiles","status":"publish","type":"page","link":"https:\/\/customdecorators.com\/fr\/termes-et-conditions-mobiles\/","title":{"rendered":"Termes et conditions mobiles"},"content":{"rendered":"<h3><strong>Service de d\u00e9corateurs personnalis\u00e9s \/ Service de messages courts (SMS)<\/strong><\/h3>\n<ol>\n<li>Lorsque vous vous inscrivez au service de messages courts (SMS) \u00e0 l&rsquo;aide d&rsquo;un code court en envoyant <strong>\u00ab&nbsp;JOIN&nbsp;\u00bb<\/strong> par SMS, nous vous enverrons un SMS pour confirmer votre inscription. En envoyant un message texte pour participer au programme de messagerie texte ou en utilisant notre programme texte \u00e0 tout moment, vous acceptez les conditions g\u00e9n\u00e9rales \u00e9nonc\u00e9es. Ces Termes et Conditions peuvent changer de temps \u00e0 autre.<\/li>\n<li>Vous pouvez <strong>annuler<\/strong> et vous <strong>d\u00e9sinscrire<\/strong> du service SMS \u00e0 tout moment. Envoyez simplement \u00ab<strong>&nbsp;STOP<\/strong>&nbsp;\u00bb au <strong>85144<\/strong> pour arr\u00eater. Nous vous enverrons un SMS pour confirmer que vous avez \u00e9t\u00e9 d\u00e9sabonn\u00e9. Apr\u00e8s cela, vous ne recevrez plus de messages SMS de notre part. Si vous souhaitez vous joindre \u00e0 nouveau, envoyez simplement <strong>\u00ab&nbsp;JOIN&nbsp;\u00bb<\/strong> par SMS au <strong>85144<\/strong> pour vous inscrire comme vous l&rsquo;avez fait la premi\u00e8re fois. Nous recommencerons \u00e0 vous envoyer des SMS.<\/li>\n<li>Si, \u00e0 tout moment, vous oubliez quels mots-cl\u00e9s sont pris en charge, envoyez simplement \u00ab<strong>&nbsp;AIDE<\/strong>&nbsp;\u00bb au <strong>85144<\/strong> pour obtenir de l&rsquo;aide. Nous vous r\u00e9pondrons avec plusieurs mots-cl\u00e9s pris en charge par notre service.<\/li>\n<li>Comme toujours, des frais de messagerie et de donn\u00e9es peuvent s&rsquo;appliquer. <strong>La fr\u00e9quence des messages varie.<\/strong> Si vous avez des questions sur votre forfait SMS ou votre forfait de donn\u00e9es, il est pr\u00e9f\u00e9rable de contacter votre fournisseur de services sans fil. Pour des questions g\u00e9n\u00e9rales sur les services fournis par le code court, vous pouvez envoyer un e-mail \u00e0 customerservice@customdecorators.com.<\/li>\n<li>Les alertes envoy\u00e9es par SMS peuvent ne pas vous \u00eatre envoy\u00e9es si votre t\u00e9l\u00e9phone n&rsquo;est pas \u00e0 port\u00e9e d&rsquo;un site de transmission ou si une capacit\u00e9 r\u00e9seau suffisante n&rsquo;est pas disponible \u00e0 un moment donn\u00e9. M\u00eame dans une zone de couverture, des facteurs ind\u00e9pendants de la volont\u00e9 de tout fournisseur de t\u00e9l\u00e9phonie mobile tiers peuvent interf\u00e9rer avec la livraison des messages, notamment l&rsquo;\u00e9quipement du client, le terrain, la proximit\u00e9 des b\u00e2timents, le feuillage et la m\u00e9t\u00e9o. Vous reconnaissez que les alertes urgentes peuvent ne pas \u00eatre re\u00e7ues en temps opportun et qu&rsquo;un fournisseur de t\u00e9l\u00e9phonie cellulaire tiers ne garantit pas que les alertes seront livr\u00e9es.<\/li>\n<\/ol>\n<h3>Conduite de l&rsquo;utilisateur<\/h3>\n<p>Vous acceptez de ne pas envoyer ou rendre disponible de quelque mani\u00e8re que ce soit du contenu ill\u00e9gal, nuisible, mena\u00e7ant, abusif, harcelant, d\u00e9lictuel, diffamatoire, vulgaire, obsc\u00e8ne, calomnieux, envahissant la vie priv\u00e9e d&rsquo;autrui ou contenant des propos haineux.<\/p>\n<h3>Droits<\/h3>\n<p>En envoyant des SMS, vous accordez <em>Custom Decorators<\/em> la licence perp\u00e9tuelle, irr\u00e9vocable et enti\u00e8rement sous-licenciable pour utiliser, distribuer, reproduire, modifier, adapter, publier, traduire, ex\u00e9cuter publiquement et afficher publiquement tout contenu de message texte fourni par vous \u00e0 <em>D\u00e9corateurs personnalis\u00e9s<\/em> (en tout ou en partie) et d&rsquo;incorporer ce contenu dans d&rsquo;autres \u0153uvres dans n&rsquo;importe quel format actuellement connu ou d\u00e9velopp\u00e9 ult\u00e9rieurement.<\/p>\n<h3>I. EXCLUSION DE GARANTIE<\/h3>\n<p>VOUS COMPRENEZ ET ACCEPTEZ EXPRESS\u00c9MENT QUE VOTRE PARTICIPATION AU PROGRAMME DE TEXTE EST \u00c0 VOS PROPRES RISQUES. LE PROGRAMME TEXTE EST FOURNI \u00ab EN L&rsquo;\u00c9TAT \u00bb ET \u00ab SELON LA DISPONIBILIT\u00c9 \u00bb. <em>Custom Decorators<\/em> ET SES DIRIGEANTS, AGENTS, EMPLOY\u00c9S, PARTENAIRES, ENTREPRENEURS, CONSULTANTS, CONC\u00c9DANTS ET FOURNISSEURS D\u00c9CLINENT EXPRESS\u00c9MENT TOUTE GARANTIE DE QUELQUE SORTE QUE CE SOIT, EXPLICITE OU IMPLICITE, Y COMPRIS, MAIS SANS S&rsquo;Y LIMITER, LES GARANTIES IMPLICITES DE GARANTIE ET NON CONTREFA\u00c7ON.<\/p>\n<p><em>Custom Decorators<\/em> ET SES DIRIGEANTS, AGENTS, EMPLOY\u00c9S, PARTENAIRES, ENTREPRENEURS, CONSULTANTS, CONC\u00c9DANTS DE LICENCE ET FOURNISSEURS NE GARANTISSENT PAS QUE (A) LE PROGRAMME DE TEXTE R\u00c9PONDRA \u00c0 VOS EXIGENCES&nbsp;; (B) LE PROGRAMME DE TEXTE SERA ININTERROMPU, OPPORTUN, S\u00c9CURIS\u00c9 OU SANS ERREUR&nbsp;; OU (C) LES R\u00c9SULTATS QUI PEUVENT \u00caTRE OBTENUS DE L&rsquo;UTILISATION DU PROGRAMME DE TEXTE SERONT PR\u00c9CIS OU FIABLES.<\/p>\n<h3>II. LIMITATION DE RESPONSABILIT\u00c9<\/h3>\n<p>VOUS COMPRENEZ ET ACCEPTEZ EXPRESS\u00c9MENT QUE <em>les d\u00e9corateurs sur mesure<\/em> ET SES DIRIGEANTS, AGENTS, EMPLOY\u00c9S, PARTENAIRES, ENTREPRENEURS, CONSULTANTS, CONC\u00c9DANTS ET FOURNISSEURS NE SERONT PAS RESPONSABLES ENVERS VOUS DES DOMMAGES DIRECTS, INDIRECTS, ACCESSOIRES, SP\u00c9CIAUX, CONS\u00c9CUTIFS OU EXEMPLAIRES, Y COMPRIS, MAIS SANS S&rsquo;Y LIMITER, LES DOMMAGES POUR PERTE DE B\u00c9N\u00c9FICES, GOODWILL, UTILISATION, DONN\u00c9ES OU AUTRES PERTES INCORPORELLES OU TOUTE AUTRE QUESTION RELATIVE AU PROGRAMME DE TEXTE.<\/p>\n<h3>R\u00e9siliation<\/h3>\n<p><em>Custom Decorators<\/em> se r\u00e9serve le droit, \u00e0 sa seule discr\u00e9tion, d&rsquo;annuler ou de suspendre tout ou partie de son programme de texte, en tout ou en partie, pour quelque raison que ce soit, avec ou sans pr\u00e9avis.<\/p>\n<h3>Politique de confidentialit\u00e9<\/h3>\n<p>Nous respectons votre vie priv\u00e9e. Pour plus de d\u00e9tails sur la fa\u00e7on dont nous obtenons, prot\u00e9geons et utilisons vos informations personnelles, y compris les informations collect\u00e9es via notre service SMS, veuillez consulter notre <a href=\"https:\/\/customdecorators.com\/fr\/?page_id=593\">politique de confidentialit\u00e9<\/a> sur notre site Web.<\/p>\n<h3>Les transporteurs participants des \u00c9tats-Unis comprennent<\/h3>\n<p>AT&amp;T, Cricket, Metro PCS, Sprint, T-Mobile*, US Cellular, Verizon et Virgin Mobile. Des transporteurs suppl\u00e9mentaires peuvent \u00eatre ajout\u00e9s.<\/p>\n<p><em>*T-Mobile n&rsquo;est pas responsable des messages retard\u00e9s ou non livr\u00e9s.<\/em><\/p>\n","protected":false},"excerpt":{"rendered":"<p>Service de d\u00e9corateurs personnalis\u00e9s \/ Service de messages courts (SMS) Lorsque vous vous inscrivez au service de messages courts (SMS) \u00e0 l&rsquo;aide d&rsquo;un code court en envoyant \u00ab&nbsp;JOIN&nbsp;\u00bb par SMS, nous vous enverrons un SMS pour confirmer votre inscription. En envoyant un message texte pour participer au programme de messagerie texte ou en utilisant notre&hellip;<\/p>\n","protected":false},"author":1,"featured_media":0,"parent":0,"menu_order":0,"comment_status":"closed","ping_status":"closed","template":"","meta":{"footnotes":""},"class_list":["post-584","page","type-page","status-publish","hentry","description-off"],"yoast_head":"<!-- This site is optimized with the Yoast SEO plugin v27.5 - https:\/\/yoast.com\/product\/yoast-seo-wordpress\/ -->\n<title>Termes et conditions mobiles - Custom Decorators<\/title>\n<meta name=\"robots\" content=\"index, follow, max-snippet:-1, max-image-preview:large, max-video-preview:-1\" \/>\n<link rel=\"canonical\" href=\"https:\/\/customdecorators.com\/fr\/termes-et-conditions-mobiles\/\" \/>\n<meta property=\"og:locale\" content=\"fr_FR\" \/>\n<meta property=\"og:type\" content=\"article\" \/>\n<meta property=\"og:title\" content=\"Termes et conditions mobiles - Custom Decorators\" \/>\n<meta property=\"og:description\" content=\"Service de d\u00e9corateurs personnalis\u00e9s \/ Service de messages courts (SMS) Lorsque vous vous inscrivez au service de messages courts (SMS) \u00e0 l&rsquo;aide d&rsquo;un code court en envoyant \u00ab&nbsp;JOIN&nbsp;\u00bb par SMS, nous vous enverrons un SMS pour confirmer votre inscription. En envoyant un message texte pour participer au programme de messagerie texte ou en utilisant notre&hellip;\" \/>\n<meta property=\"og:url\" content=\"https:\/\/customdecorators.com\/fr\/termes-et-conditions-mobiles\/\" \/>\n<meta property=\"og:site_name\" content=\"Custom Decorators\" \/>\n<meta property=\"article:publisher\" content=\"https:\/\/www.facebook.com\/CustomDecoratorsInc\" \/>\n<meta name=\"twitter:card\" content=\"summary_large_image\" \/>\n<meta name=\"twitter:label1\" content=\"Dur\u00e9e de lecture estim\u00e9e\" \/>\n\t<meta name=\"twitter:data1\" content=\"4 minutes\" \/>\n<script type=\"application\/ld+json\" class=\"yoast-schema-graph\">{\"@context\":\"https:\\\/\\\/schema.org\",\"@graph\":[{\"@type\":\"WebPage\",\"@id\":\"https:\\\/\\\/customdecorators.com\\\/fr\\\/termes-et-conditions-mobiles\\\/\",\"url\":\"https:\\\/\\\/customdecorators.com\\\/fr\\\/termes-et-conditions-mobiles\\\/\",\"name\":\"Termes et conditions mobiles - Custom Decorators\",\"isPartOf\":{\"@id\":\"https:\\\/\\\/customdecorators.com\\\/fr\\\/#website\"},\"datePublished\":\"2021-11-30T21:39:00+00:00\",\"breadcrumb\":{\"@id\":\"https:\\\/\\\/customdecorators.com\\\/fr\\\/termes-et-conditions-mobiles\\\/#breadcrumb\"},\"inLanguage\":\"fr-FR\",\"potentialAction\":[{\"@type\":\"ReadAction\",\"target\":[\"https:\\\/\\\/customdecorators.com\\\/fr\\\/termes-et-conditions-mobiles\\\/\"]}]},{\"@type\":\"BreadcrumbList\",\"@id\":\"https:\\\/\\\/customdecorators.com\\\/fr\\\/termes-et-conditions-mobiles\\\/#breadcrumb\",\"itemListElement\":[{\"@type\":\"ListItem\",\"position\":1,\"name\":\"Home\",\"item\":\"https:\\\/\\\/customdecorators.com\\\/fr\\\/\"},{\"@type\":\"ListItem\",\"position\":2,\"name\":\"Termes et conditions mobiles\"}]},{\"@type\":\"WebSite\",\"@id\":\"https:\\\/\\\/customdecorators.com\\\/fr\\\/#website\",\"url\":\"https:\\\/\\\/customdecorators.com\\\/fr\\\/\",\"name\":\"Custom Decorators\",\"description\":\"Personalized Decorating Services\",\"publisher\":{\"@id\":\"https:\\\/\\\/customdecorators.com\\\/fr\\\/#organization\"},\"potentialAction\":[{\"@type\":\"SearchAction\",\"target\":{\"@type\":\"EntryPoint\",\"urlTemplate\":\"https:\\\/\\\/customdecorators.com\\\/fr\\\/?s={search_term_string}\"},\"query-input\":{\"@type\":\"PropertyValueSpecification\",\"valueRequired\":true,\"valueName\":\"search_term_string\"}}],\"inLanguage\":\"fr-FR\"},{\"@type\":\"Organization\",\"@id\":\"https:\\\/\\\/customdecorators.com\\\/fr\\\/#organization\",\"name\":\"Custom Decorators\",\"url\":\"https:\\\/\\\/customdecorators.com\\\/fr\\\/\",\"logo\":{\"@type\":\"ImageObject\",\"inLanguage\":\"fr-FR\",\"@id\":\"https:\\\/\\\/customdecorators.com\\\/fr\\\/#\\\/schema\\\/logo\\\/image\\\/\",\"url\":\"https:\\\/\\\/customdecorators.com\\\/wp-content\\\/uploads\\\/2022\\\/04\\\/CDI-Logo-1.png\",\"contentUrl\":\"https:\\\/\\\/customdecorators.com\\\/wp-content\\\/uploads\\\/2022\\\/04\\\/CDI-Logo-1.png\",\"width\":211,\"height\":55,\"caption\":\"Custom Decorators\"},\"image\":{\"@id\":\"https:\\\/\\\/customdecorators.com\\\/fr\\\/#\\\/schema\\\/logo\\\/image\\\/\"},\"sameAs\":[\"https:\\\/\\\/www.facebook.com\\\/CustomDecoratorsInc\",\"https:\\\/\\\/www.linkedin.com\\\/company\\\/custom-decorators-inc.?trk=company_logo\"]}]}<\/script>\n<!-- \/ Yoast SEO plugin. -->","yoast_head_json":{"title":"Termes et conditions mobiles - Custom Decorators","robots":{"index":"index","follow":"follow","max-snippet":"max-snippet:-1","max-image-preview":"max-image-preview:large","max-video-preview":"max-video-preview:-1"},"canonical":"https:\/\/customdecorators.com\/fr\/termes-et-conditions-mobiles\/","og_locale":"fr_FR","og_type":"article","og_title":"Termes et conditions mobiles - Custom Decorators","og_description":"Service de d\u00e9corateurs personnalis\u00e9s \/ Service de messages courts (SMS) Lorsque vous vous inscrivez au service de messages courts (SMS) \u00e0 l&rsquo;aide d&rsquo;un code court en envoyant \u00ab&nbsp;JOIN&nbsp;\u00bb par SMS, nous vous enverrons un SMS pour confirmer votre inscription. En envoyant un message texte pour participer au programme de messagerie texte ou en utilisant notre&hellip;","og_url":"https:\/\/customdecorators.com\/fr\/termes-et-conditions-mobiles\/","og_site_name":"Custom Decorators","article_publisher":"https:\/\/www.facebook.com\/CustomDecoratorsInc","twitter_card":"summary_large_image","twitter_misc":{"Dur\u00e9e de lecture estim\u00e9e":"4 minutes"},"schema":{"@context":"https:\/\/schema.org","@graph":[{"@type":"WebPage","@id":"https:\/\/customdecorators.com\/fr\/termes-et-conditions-mobiles\/","url":"https:\/\/customdecorators.com\/fr\/termes-et-conditions-mobiles\/","name":"Termes et conditions mobiles - Custom Decorators","isPartOf":{"@id":"https:\/\/customdecorators.com\/fr\/#website"},"datePublished":"2021-11-30T21:39:00+00:00","breadcrumb":{"@id":"https:\/\/customdecorators.com\/fr\/termes-et-conditions-mobiles\/#breadcrumb"},"inLanguage":"fr-FR","potentialAction":[{"@type":"ReadAction","target":["https:\/\/customdecorators.com\/fr\/termes-et-conditions-mobiles\/"]}]},{"@type":"BreadcrumbList","@id":"https:\/\/customdecorators.com\/fr\/termes-et-conditions-mobiles\/#breadcrumb","itemListElement":[{"@type":"ListItem","position":1,"name":"Home","item":"https:\/\/customdecorators.com\/fr\/"},{"@type":"ListItem","position":2,"name":"Termes et conditions mobiles"}]},{"@type":"WebSite","@id":"https:\/\/customdecorators.com\/fr\/#website","url":"https:\/\/customdecorators.com\/fr\/","name":"Custom Decorators","description":"Personalized Decorating Services","publisher":{"@id":"https:\/\/customdecorators.com\/fr\/#organization"},"potentialAction":[{"@type":"SearchAction","target":{"@type":"EntryPoint","urlTemplate":"https:\/\/customdecorators.com\/fr\/?s={search_term_string}"},"query-input":{"@type":"PropertyValueSpecification","valueRequired":true,"valueName":"search_term_string"}}],"inLanguage":"fr-FR"},{"@type":"Organization","@id":"https:\/\/customdecorators.com\/fr\/#organization","name":"Custom Decorators","url":"https:\/\/customdecorators.com\/fr\/","logo":{"@type":"ImageObject","inLanguage":"fr-FR","@id":"https:\/\/customdecorators.com\/fr\/#\/schema\/logo\/image\/","url":"https:\/\/customdecorators.com\/wp-content\/uploads\/2022\/04\/CDI-Logo-1.png","contentUrl":"https:\/\/customdecorators.com\/wp-content\/uploads\/2022\/04\/CDI-Logo-1.png","width":211,"height":55,"caption":"Custom Decorators"},"image":{"@id":"https:\/\/customdecorators.com\/fr\/#\/schema\/logo\/image\/"},"sameAs":["https:\/\/www.facebook.com\/CustomDecoratorsInc","https:\/\/www.linkedin.com\/company\/custom-decorators-inc.?trk=company_logo"]}]}},"_links":{"self":[{"href":"https:\/\/customdecorators.com\/fr\/wp-json\/wp\/v2\/pages\/584","targetHints":{"allow":["GET"]}}],"collection":[{"href":"https:\/\/customdecorators.com\/fr\/wp-json\/wp\/v2\/pages"}],"about":[{"href":"https:\/\/customdecorators.com\/fr\/wp-json\/wp\/v2\/types\/page"}],"author":[{"embeddable":true,"href":"https:\/\/customdecorators.com\/fr\/wp-json\/wp\/v2\/users\/1"}],"replies":[{"embeddable":true,"href":"https:\/\/customdecorators.com\/fr\/wp-json\/wp\/v2\/comments?post=584"}],"version-history":[{"count":0,"href":"https:\/\/customdecorators.com\/fr\/wp-json\/wp\/v2\/pages\/584\/revisions"}],"wp:attachment":[{"href":"https:\/\/customdecorators.com\/fr\/wp-json\/wp\/v2\/media?parent=584"}],"curies":[{"name":"wp","href":"https:\/\/api.w.org\/{rel}","templated":true}]}}