{"id":593,"date":"2021-11-30T15:39:03","date_gmt":"2021-11-30T21:39:03","guid":{"rendered":"https:\/\/customdecorators.com\/politique-de-confidentialite\/"},"modified":"2021-11-30T15:38:15","modified_gmt":"2021-11-30T21:38:15","slug":"politique-de-confidentialite","status":"publish","type":"page","link":"https:\/\/customdecorators.com\/fr\/politique-de-confidentialite\/","title":{"rendered":"Politique de confidentialit\u00e9"},"content":{"rendered":"\n<h1 class=\"wp-block-heading\"><strong>Politique de confidentialit\u00e9<\/strong><\/h1>\n\n\n\n<p><em>Derni\u00e8re mise \u00e0 jour&nbsp;: 31\/12\/2019<\/em> Custom Decorators respecte vos pr\u00e9occupations en mati\u00e8re de confidentialit\u00e9. Cet avis de confidentialit\u00e9 s&rsquo;applique aux informations personnelles que nous collectons sur les sites Web et les applications r\u00e9pertori\u00e9s ci-dessous (collectivement, les \u00ab&nbsp;Sites&nbsp;\u00bb).<\/p>\n\n\n\n<ul class=\"wp-block-list\"><li><a href=\"http:\/\/decorview.com\/\">decorview.com<\/a><\/li><li><a href=\"https:\/\/customdecorators.com\/fr\/\">customdecorators.com<\/a><\/li><li>informations de contact \/ formulaires pour prospects sur les sites Web partenaires<\/li><li>comptes de r\u00e9seaux sociaux<\/li><\/ul>\n\n\n\n<p>Cet avis de confidentialit\u00e9 d\u00e9crit les types d&rsquo;informations personnelles que nous collectons sur les sites, comment nous pouvons utiliser ces informations et avec qui nous pouvons les partager. L&rsquo;avis de confidentialit\u00e9 d\u00e9crit \u00e9galement les mesures que nous prenons pour prot\u00e9ger la s\u00e9curit\u00e9 des informations personnelles. Nous vous indiquons \u00e9galement comment vous pouvez nous joindre pour nous demander de mettre \u00e0 jour vos pr\u00e9f\u00e9rences concernant la fa\u00e7on dont nous communiquons avec vous ou r\u00e9pondre \u00e0 toute question que vous pourriez avoir sur nos pratiques de confidentialit\u00e9.<\/p>\n\n\n\n<ul class=\"wp-block-list\"><li>Informations que vous nous fournissez directement<\/li><li>Informations que nous collectons par des moyens automatis\u00e9s<\/li><li>Comment nous utilisons les informations que nous collectons<\/li><li>Informations que nous partageons<\/li><li>Vos choix<\/li><li>Avis aux r\u00e9sidents de Californie<\/li><li>Comment nous prot\u00e9geons les informations personnelles<\/li><li>Liens vers d&rsquo;autres sites<\/li><li>Mises \u00e0 jour de notre avis de confidentialit\u00e9<\/li><li>Comment nous contacter<\/li><\/ul>\n\n\n\n<h3 class=\"wp-block-heading\"><strong>Informations que nous collectons<\/strong><\/h3>\n\n\n\n<p><strong>Informations que vous nous fournissez directement<\/strong> Lorsque vous visitez les Sites ou travaillez avec nous, vous pouvez nous fournir des informations personnelles directement ou indirectement, notamment :<\/p>\n\n\n\n<ul class=\"wp-block-list\"><li>Coordonn\u00e9es, telles que nom, adresse postale, num\u00e9ro de t\u00e9l\u00e9phone et adresse e-mail<\/li><li>Informations de paiement, telles que le num\u00e9ro de carte de cr\u00e9dit et la date d&rsquo;expiration<\/li><li>Photos, images et\/ou descriptions de votre maison en rapport avec les services que nous fournissons<\/li><\/ul>\n\n\n\n<p><strong>Informations que nous collectons par des moyens automatis\u00e9s<\/strong>Lorsque vous visitez nos sites, nous pouvons collecter certaines informations par des moyens automatis\u00e9s, en utilisant des technologies telles que les cookies, les journaux de serveur Web et les balises Web. Les cookies sont de petits fichiers que les sites Web envoient \u00e0 votre ordinateur ou \u00e0 un autre appareil connect\u00e9 \u00e0 Internet pour identifier de mani\u00e8re unique votre navigateur ou pour stocker des informations ou des param\u00e8tres dans votre navigateur. Votre navigateur peut vous indiquer comment \u00eatre averti lorsque vous recevez certains types de cookies et comment restreindre ou d\u00e9sactiver certains cookies. Veuillez noter, cependant, que sans cookies, vous ne pourrez peut-\u00eatre pas utiliser toutes les fonctionnalit\u00e9s de nos sites. Nos serveurs Web peuvent enregistrer des informations telles que votre type d&rsquo;appareil et de syst\u00e8me d&rsquo;exploitation, le type de navigateur, le domaine, l&rsquo;ID de l&rsquo;appareil et d&rsquo;autres param\u00e8tres syst\u00e8me. , ainsi que la langue utilis\u00e9e par votre syst\u00e8me et le pays et le fuseau horaire o\u00f9 se trouve votre appareil. Les journaux du serveur Web peuvent \u00e9galement enregistrer des informations telles que l&rsquo;adresse de la page Web qui vous a r\u00e9f\u00e9r\u00e9 \u00e0 notre site et l&rsquo;adresse IP de l&rsquo;appareil que vous utilisez pour vous connecter \u00e0 Internet, qui peuvent \u00eatre utilis\u00e9es pour offrir une exp\u00e9rience personnalis\u00e9e en fonction de votre situation g\u00e9ographique. zone et aux autres fins d\u00e9crites dans cet avis de confidentialit\u00e9. Pour contr\u00f4ler quels serveurs Web collectent des informations par des moyens automatis\u00e9s, nous pouvons placer des balises sur nos pages Web appel\u00e9es \u00ab&nbsp;balises Web&nbsp;\u00bb, qui sont de petits fichiers qui nous permettent de comprendre les actions des visiteurs \u00e0 nos sites, et nous utilisons une technologie similaire pour analyser les interactions des utilisateurs avec nos applications. Nous utilisons des services d&rsquo;analyse Web tiers sur nos sites, tels que Google Analytics. Ces fournisseurs de services utilisent des cookies et des balises Web ou d&rsquo;autres technologies pour nous aider \u00e0 analyser la fa\u00e7on dont les utilisateurs utilisent les Sites. Les informations collect\u00e9es par cette technologie (y compris, le cas \u00e9ch\u00e9ant, votre adresse IP) seront divulgu\u00e9es ou collect\u00e9es directement par ces prestataires de services, qui utilisent les informations pour faciliter l&rsquo;\u00e9valuation de votre utilisation des Sites.&nbsp;<a href=\"http:\/\/tools.google.com\/dlpage\/gaoptout\">En savoir plus sur Google Analytics et comment vous d\u00e9sabonner.&nbsp;\u00ab&nbsp;Cela indique un lien vers un site externe qui peut ne pas respecter les directives d&rsquo;accessibilit\u00e9.&nbsp;\u00bb<\/a><\/p>\n\n\n\n<h3 class=\"wp-block-heading\"><strong>Comment nous utilisons les informations que nous collectons<\/strong><\/h3>\n\n\n\n<p>Nous pouvons utiliser les informations que nous obtenons \u00e0 votre sujet via les Sites \u00e0 diverses fins, notamment pour&nbsp;:<\/p>\n\n\n\n<ul class=\"wp-block-list\"><li>Traiter, \u00e9valuer et r\u00e9pondre \u00e0 vos demandes, demandes de renseignements et candidatures<\/li><li>Cr\u00e9er, administrer et communiquer avec vous au sujet de votre service<\/li><li>Traitez vos achats et paiements<\/li><li>Administrer des sondages<\/li><li>Vous contacter avec des communications marketing et de service par SMS, t\u00e9l\u00e9phone, e-mail ou courrier<\/li><li>Exploiter, \u00e9valuer et am\u00e9liorer notre entreprise (y compris d\u00e9velopper de nouveaux produits et services&nbsp;; g\u00e9rer nos communications&nbsp;; effectuer des \u00e9tudes de march\u00e9 et des analyses de donn\u00e9es&nbsp;; d\u00e9terminer et g\u00e9rer l&rsquo;efficacit\u00e9 de notre publicit\u00e9 et de notre marketing&nbsp;; analyser nos produits, services et sites&nbsp;; administrer nos sites et effectuer des activit\u00e9s de comptabilit\u00e9, d&rsquo;audit, de facturation, de rapprochement et de recouvrement)<\/li><li>Cr\u00e9er des donn\u00e9es agr\u00e9g\u00e9es ou autrement anonymis\u00e9es, que nous pouvons utiliser et divulguer sans restriction<\/li><li>\u00c9valuer votre int\u00e9r\u00eat pour l&#8217;emploi et vous contacter au sujet d&rsquo;un \u00e9ventuel emploi<\/li><li>Prot\u00e9ger et pr\u00e9venir la fraude, les transactions non autoris\u00e9es, les r\u00e9clamations et autres responsabilit\u00e9s, et g\u00e9rer l&rsquo;exposition aux risques et la qualit\u00e9<\/li><li>Se conformer et appliquer les exigences l\u00e9gales applicables, les normes de l&rsquo;industrie et nos politiques et conditions, telles que nos conditions d&rsquo;utilisation<\/li><\/ul>\n\n\n\n<p>Nous utilisons \u00e9galement les informations collect\u00e9es sur nos Sites \u00e0 des fins de v\u00e9rification d&rsquo;identit\u00e9.<\/p>\n\n\n\n<h3 class=\"wp-block-heading\"><strong>Informations que nous partageons<\/strong><\/h3>\n\n\n\n<p>Nous pouvons \u00e9galement divulguer des informations personnelles vous concernant (i) si nous sommes tenus de le faire par d&rsquo;autres lois ou proc\u00e9dures l\u00e9gales, (ii) aux autorit\u00e9s charg\u00e9es de l&rsquo;application de la loi, ou (iii) lorsque nous pensons que la divulgation est n\u00e9cessaire ou appropri\u00e9e pour pr\u00e9venir un pr\u00e9judice ou une perte ou dans le cadre d&rsquo;une enqu\u00eate sur une activit\u00e9 ill\u00e9gale suspect\u00e9e ou r\u00e9elle. Nous pouvons partager des informations personnelles avec nos fournisseurs de services qui effectuent des services en notre nom. Ces fournisseurs de services ne sont pas autoris\u00e9s par nous \u00e0 utiliser ou \u00e0 divulguer les informations, sauf si cela est n\u00e9cessaire pour fournir des services en notre nom ou se conformer aux exigences l\u00e9gales. Nous nous r\u00e9servons \u00e9galement le droit de transf\u00e9rer les informations personnelles que nous avons \u00e0 votre sujet dans le cas o\u00f9 nous vendons ou transf\u00e9rons tous ou une partie de notre entreprise ou de nos actifs. Si une telle vente ou un tel transfert se produit, nous d\u00e9ploierons des efforts raisonnables pour demander au cessionnaire d&rsquo;utiliser les informations personnelles que vous nous avez fournies d&rsquo;une mani\u00e8re conforme \u00e0 notre avis de confidentialit\u00e9.<\/p>\n\n\n\n<h3 class=\"wp-block-heading\"><strong>Vos choix<\/strong><\/h3>\n\n\n\n<p>Si vous souhaitez mettre \u00e0 jour ou modifier vos informations personnelles ou vos pr\u00e9f\u00e9rences d&rsquo;abonnement, ou pour g\u00e9rer les notifications et les pr\u00e9f\u00e9rences relatives \u00e0 nos services, vous pouvez nous contacter comme d\u00e9crit dans la section \u00ab&nbsp;Comment nous contacter&nbsp;\u00bb ci-dessous. Vous pouvez \u00e9galement vous d\u00e9sinscrire des e-mails promotionnels en cliquant sur le lien \u00ab&nbsp;se d\u00e9sinscrire&nbsp;\u00bb dans les e-mails concern\u00e9s. Vous pouvez \u00e9galement vous d\u00e9sinscrire de notre service de SMS par SMS en envoyant \u00ab&nbsp;<strong>STOP<\/strong> \u00bb \u00e0&nbsp;<strong>800-253-3267<\/strong>&nbsp; arr\u00eater. Pour plus de d\u00e9tails, consultez nos conditions g\u00e9n\u00e9rales mobiles&nbsp;:&nbsp;<a href=\"https:\/\/customdecorators.com\/mobile-terms-and-conditions\/\">https:\/\/customdecorators.com\/mobile-terms-conditions<\/a> .Si vous avez cr\u00e9\u00e9 un compte sur nos pages carri\u00e8res, vous pouvez mettre \u00e0 jour les informations personnelles de votre compte. Pour cela, connectez-vous \u00e0 notre page carri\u00e8res :&nbsp;<a href=\"https:\/\/customdecorators.com\/fr\/joindre-notre-equipe\/\">https:\/\/customdecorators.com\/careers\/<\/a>&nbsp; Une fois connect\u00e9, choisissez&nbsp; mettre \u00e0 jour mes informations.<\/p>\n\n\n\n<h3 class=\"wp-block-heading\"><strong>Comment nous prot\u00e9geons les informations personnelles<\/strong><\/h3>\n\n\n\n<p>Nous maintenons des sauvegardes administratives, techniques et physiques appropri\u00e9es pour prot\u00e9ger les informations personnelles que vous fournissez sur nos sites contre la destruction, la perte, l&rsquo;alt\u00e9ration, l&rsquo;acc\u00e8s, la divulgation ou l&rsquo;utilisation accidentelle, ill\u00e9gale ou non autoris\u00e9e et d&rsquo;autres formes de traitement ill\u00e9gales.<\/p>\n\n\n\n<h3 class=\"wp-block-heading\"><strong>Liens vers d&rsquo;autres sites<\/strong><\/h3>\n\n\n\n<p>Nos sites peuvent fournir des liens vers d&rsquo;autres sites Web pour votre commodit\u00e9 et votre information. Ces sites Web peuvent \u00eatre exploit\u00e9s par des soci\u00e9t\u00e9s qui ne nous sont pas affili\u00e9es. Les sites Web li\u00e9s peuvent avoir leurs propres politiques de confidentialit\u00e9, que nous vous sugg\u00e9rons fortement de consulter si vous visitez des sites Web li\u00e9s. Nous ne sommes pas responsables du contenu des sites Web qui ne sont pas affili\u00e9s \u00e0 Custom Decorators, de toute utilisation de ces sites Web ou des pratiques de confidentialit\u00e9 de ces sites Web.<strong>Conformit\u00e9 \u00e0 la loi californienne sur la protection de la vie priv\u00e9e en ligne<\/strong> Parce que nous accordons de l&rsquo;importance \u00e0 votre vie priv\u00e9e, nous avons l&rsquo;intention de rester en conformit\u00e9 avec les exigences de la loi californienne sur la protection de la vie priv\u00e9e en ligne, y compris la conformit\u00e9 avec les exigences de cette loi relatives \u00e0 la distribution de vos informations personnelles. Pour nous contacter concernant vos donn\u00e9es personnelles, veuillez remplir ce formulaire : <a href=\"https:\/\/cloud.email.customdecorators.com\/CCPA\">https:\/\/cloud.email.customdecorators.com\/CCPA<\/a> ou appelez-nous au 866-926-5677.<\/p>\n\n\n\n<h3 class=\"wp-block-heading\"><strong>R\u00e9seaux sociaux<\/strong><\/h3>\n\n\n\n<p>Votre utilisation et votre participation \u00e0 des activit\u00e9s sur Notre Site qui sont connect\u00e9es \u00e0 un r\u00e9seau social qui n&rsquo;est pas exploit\u00e9 par Nous sont soumises aux politiques de ces sites Web externes.<\/p>\n\n\n\n<h3 class=\"wp-block-heading\"><strong>Mises \u00e0 jour de notre avis de confidentialit\u00e9<\/strong><\/h3>\n\n\n\n<p>Cet avis de confidentialit\u00e9 peut \u00eatre mis \u00e0 jour p\u00e9riodiquement et sans pr\u00e9avis pour refl\u00e9ter les changements dans nos pratiques en mati\u00e8re de renseignements personnels ou les lois pertinentes. Nous publierons un avis bien visible sur <a href=\"https:\/\/customdecorators.com\/fr\/\">customdecorators.com<\/a> pour vous informer de tout changement important \u00e0 notre avis de confidentialit\u00e9 et indiquer en haut de l&rsquo;avis quand il a \u00e9t\u00e9 mis \u00e0 jour.<\/p>\n\n\n\n<h3 class=\"wp-block-heading\"><strong>Comment nous contacter<\/strong><\/h3>\n\n\n\n<p>Si vous avez des questions ou des commentaires au sujet de cet avis de confidentialit\u00e9, ou si vous souhaitez que nous mettions \u00e0 jour les informations que nous avons sur vous ou vos pr\u00e9f\u00e9rences, veuillez nous contacter comme indiqu\u00e9 ci-dessous : <strong>Client Experience Department \/ Custom Decorators<\/strong> 12006 SW Garden Place<br>Portland, OR 97223 <a href=\"mailto:customerservice@customdecorators.com\">customerservice@customdecorators.com<\/a><br>800-253-3267<br>Du lundi au vendredi, de 8h00 \u00e0 17h00 (PT)<\/p>\n\n\n\n<h3 class=\"wp-block-heading\"><strong>Votre acceptation de ces conditions<\/strong><\/h3>\n\n\n\n<p>En utilisant ces sites, vous indiquez votre accord avec cette politique de confidentialit\u00e9. Si vous n&rsquo;\u00eates pas d&rsquo;accord avec cette politique de confidentialit\u00e9, n&rsquo;utilisez pas ce site. Votre utilisation continue de ce site apr\u00e8s toute modification de cette politique de confidentialit\u00e9 constitue votre acceptation de ces modifications.<\/p>\n","protected":false},"excerpt":{"rendered":"<p>Politique de confidentialit\u00e9 Derni\u00e8re mise \u00e0 jour&nbsp;: 31\/12\/2019 Custom Decorators respecte vos pr\u00e9occupations en mati\u00e8re de confidentialit\u00e9. Cet avis de confidentialit\u00e9 s&rsquo;applique aux informations personnelles que nous collectons sur les sites Web et les applications r\u00e9pertori\u00e9s ci-dessous (collectivement, les \u00ab&nbsp;Sites&nbsp;\u00bb). decorview.com customdecorators.com informations de contact \/ formulaires pour prospects sur les sites Web partenaires comptes&hellip;<\/p>\n","protected":false},"author":1,"featured_media":0,"parent":0,"menu_order":0,"comment_status":"closed","ping_status":"open","template":"","meta":{"footnotes":""},"class_list":["post-593","page","type-page","status-publish","hentry","description-off"],"yoast_head":"<!-- This site is optimized with the Yoast SEO plugin v27.5 - https:\/\/yoast.com\/product\/yoast-seo-wordpress\/ -->\n<title>Politique de confidentialit\u00e9 - Custom Decorators<\/title>\n<meta name=\"robots\" content=\"index, follow, max-snippet:-1, max-image-preview:large, max-video-preview:-1\" \/>\n<link rel=\"canonical\" href=\"https:\/\/customdecorators.com\/fr\/politique-de-confidentialite\/\" \/>\n<meta property=\"og:locale\" content=\"fr_FR\" \/>\n<meta property=\"og:type\" content=\"article\" \/>\n<meta property=\"og:title\" content=\"Politique de confidentialit\u00e9 - Custom Decorators\" \/>\n<meta property=\"og:description\" content=\"Politique de confidentialit\u00e9 Derni\u00e8re mise \u00e0 jour&nbsp;: 31\/12\/2019 Custom Decorators respecte vos pr\u00e9occupations en mati\u00e8re de confidentialit\u00e9. Cet avis de confidentialit\u00e9 s&rsquo;applique aux informations personnelles que nous collectons sur les sites Web et les applications r\u00e9pertori\u00e9s ci-dessous (collectivement, les \u00ab&nbsp;Sites&nbsp;\u00bb). decorview.com customdecorators.com informations de contact \/ formulaires pour prospects sur les sites Web partenaires comptes&hellip;\" \/>\n<meta property=\"og:url\" content=\"https:\/\/customdecorators.com\/fr\/politique-de-confidentialite\/\" \/>\n<meta property=\"og:site_name\" content=\"Custom Decorators\" \/>\n<meta property=\"article:publisher\" content=\"https:\/\/www.facebook.com\/CustomDecoratorsInc\" \/>\n<meta name=\"twitter:card\" content=\"summary_large_image\" \/>\n<meta name=\"twitter:label1\" content=\"Dur\u00e9e de lecture estim\u00e9e\" \/>\n\t<meta name=\"twitter:data1\" content=\"9 minutes\" \/>\n<script type=\"application\/ld+json\" class=\"yoast-schema-graph\">{\"@context\":\"https:\\\/\\\/schema.org\",\"@graph\":[{\"@type\":\"WebPage\",\"@id\":\"https:\\\/\\\/customdecorators.com\\\/fr\\\/politique-de-confidentialite\\\/\",\"url\":\"https:\\\/\\\/customdecorators.com\\\/fr\\\/politique-de-confidentialite\\\/\",\"name\":\"Politique de confidentialit\u00e9 - Custom Decorators\",\"isPartOf\":{\"@id\":\"https:\\\/\\\/customdecorators.com\\\/fr\\\/#website\"},\"datePublished\":\"2021-11-30T21:39:03+00:00\",\"breadcrumb\":{\"@id\":\"https:\\\/\\\/customdecorators.com\\\/fr\\\/politique-de-confidentialite\\\/#breadcrumb\"},\"inLanguage\":\"fr-FR\",\"potentialAction\":[{\"@type\":\"ReadAction\",\"target\":[\"https:\\\/\\\/customdecorators.com\\\/fr\\\/politique-de-confidentialite\\\/\"]}]},{\"@type\":\"BreadcrumbList\",\"@id\":\"https:\\\/\\\/customdecorators.com\\\/fr\\\/politique-de-confidentialite\\\/#breadcrumb\",\"itemListElement\":[{\"@type\":\"ListItem\",\"position\":1,\"name\":\"Home\",\"item\":\"https:\\\/\\\/customdecorators.com\\\/fr\\\/\"},{\"@type\":\"ListItem\",\"position\":2,\"name\":\"Politique de confidentialit\u00e9\"}]},{\"@type\":\"WebSite\",\"@id\":\"https:\\\/\\\/customdecorators.com\\\/fr\\\/#website\",\"url\":\"https:\\\/\\\/customdecorators.com\\\/fr\\\/\",\"name\":\"Custom Decorators\",\"description\":\"Personalized Decorating Services\",\"publisher\":{\"@id\":\"https:\\\/\\\/customdecorators.com\\\/fr\\\/#organization\"},\"potentialAction\":[{\"@type\":\"SearchAction\",\"target\":{\"@type\":\"EntryPoint\",\"urlTemplate\":\"https:\\\/\\\/customdecorators.com\\\/fr\\\/?s={search_term_string}\"},\"query-input\":{\"@type\":\"PropertyValueSpecification\",\"valueRequired\":true,\"valueName\":\"search_term_string\"}}],\"inLanguage\":\"fr-FR\"},{\"@type\":\"Organization\",\"@id\":\"https:\\\/\\\/customdecorators.com\\\/fr\\\/#organization\",\"name\":\"Custom Decorators\",\"url\":\"https:\\\/\\\/customdecorators.com\\\/fr\\\/\",\"logo\":{\"@type\":\"ImageObject\",\"inLanguage\":\"fr-FR\",\"@id\":\"https:\\\/\\\/customdecorators.com\\\/fr\\\/#\\\/schema\\\/logo\\\/image\\\/\",\"url\":\"https:\\\/\\\/customdecorators.com\\\/wp-content\\\/uploads\\\/2022\\\/04\\\/CDI-Logo-1.png\",\"contentUrl\":\"https:\\\/\\\/customdecorators.com\\\/wp-content\\\/uploads\\\/2022\\\/04\\\/CDI-Logo-1.png\",\"width\":211,\"height\":55,\"caption\":\"Custom Decorators\"},\"image\":{\"@id\":\"https:\\\/\\\/customdecorators.com\\\/fr\\\/#\\\/schema\\\/logo\\\/image\\\/\"},\"sameAs\":[\"https:\\\/\\\/www.facebook.com\\\/CustomDecoratorsInc\",\"https:\\\/\\\/www.linkedin.com\\\/company\\\/custom-decorators-inc.?trk=company_logo\"]}]}<\/script>\n<!-- \/ Yoast SEO plugin. -->","yoast_head_json":{"title":"Politique de confidentialit\u00e9 - Custom Decorators","robots":{"index":"index","follow":"follow","max-snippet":"max-snippet:-1","max-image-preview":"max-image-preview:large","max-video-preview":"max-video-preview:-1"},"canonical":"https:\/\/customdecorators.com\/fr\/politique-de-confidentialite\/","og_locale":"fr_FR","og_type":"article","og_title":"Politique de confidentialit\u00e9 - Custom Decorators","og_description":"Politique de confidentialit\u00e9 Derni\u00e8re mise \u00e0 jour&nbsp;: 31\/12\/2019 Custom Decorators respecte vos pr\u00e9occupations en mati\u00e8re de confidentialit\u00e9. Cet avis de confidentialit\u00e9 s&rsquo;applique aux informations personnelles que nous collectons sur les sites Web et les applications r\u00e9pertori\u00e9s ci-dessous (collectivement, les \u00ab&nbsp;Sites&nbsp;\u00bb). decorview.com customdecorators.com informations de contact \/ formulaires pour prospects sur les sites Web partenaires comptes&hellip;","og_url":"https:\/\/customdecorators.com\/fr\/politique-de-confidentialite\/","og_site_name":"Custom Decorators","article_publisher":"https:\/\/www.facebook.com\/CustomDecoratorsInc","twitter_card":"summary_large_image","twitter_misc":{"Dur\u00e9e de lecture estim\u00e9e":"9 minutes"},"schema":{"@context":"https:\/\/schema.org","@graph":[{"@type":"WebPage","@id":"https:\/\/customdecorators.com\/fr\/politique-de-confidentialite\/","url":"https:\/\/customdecorators.com\/fr\/politique-de-confidentialite\/","name":"Politique de confidentialit\u00e9 - Custom Decorators","isPartOf":{"@id":"https:\/\/customdecorators.com\/fr\/#website"},"datePublished":"2021-11-30T21:39:03+00:00","breadcrumb":{"@id":"https:\/\/customdecorators.com\/fr\/politique-de-confidentialite\/#breadcrumb"},"inLanguage":"fr-FR","potentialAction":[{"@type":"ReadAction","target":["https:\/\/customdecorators.com\/fr\/politique-de-confidentialite\/"]}]},{"@type":"BreadcrumbList","@id":"https:\/\/customdecorators.com\/fr\/politique-de-confidentialite\/#breadcrumb","itemListElement":[{"@type":"ListItem","position":1,"name":"Home","item":"https:\/\/customdecorators.com\/fr\/"},{"@type":"ListItem","position":2,"name":"Politique de confidentialit\u00e9"}]},{"@type":"WebSite","@id":"https:\/\/customdecorators.com\/fr\/#website","url":"https:\/\/customdecorators.com\/fr\/","name":"Custom Decorators","description":"Personalized Decorating Services","publisher":{"@id":"https:\/\/customdecorators.com\/fr\/#organization"},"potentialAction":[{"@type":"SearchAction","target":{"@type":"EntryPoint","urlTemplate":"https:\/\/customdecorators.com\/fr\/?s={search_term_string}"},"query-input":{"@type":"PropertyValueSpecification","valueRequired":true,"valueName":"search_term_string"}}],"inLanguage":"fr-FR"},{"@type":"Organization","@id":"https:\/\/customdecorators.com\/fr\/#organization","name":"Custom Decorators","url":"https:\/\/customdecorators.com\/fr\/","logo":{"@type":"ImageObject","inLanguage":"fr-FR","@id":"https:\/\/customdecorators.com\/fr\/#\/schema\/logo\/image\/","url":"https:\/\/customdecorators.com\/wp-content\/uploads\/2022\/04\/CDI-Logo-1.png","contentUrl":"https:\/\/customdecorators.com\/wp-content\/uploads\/2022\/04\/CDI-Logo-1.png","width":211,"height":55,"caption":"Custom Decorators"},"image":{"@id":"https:\/\/customdecorators.com\/fr\/#\/schema\/logo\/image\/"},"sameAs":["https:\/\/www.facebook.com\/CustomDecoratorsInc","https:\/\/www.linkedin.com\/company\/custom-decorators-inc.?trk=company_logo"]}]}},"_links":{"self":[{"href":"https:\/\/customdecorators.com\/fr\/wp-json\/wp\/v2\/pages\/593","targetHints":{"allow":["GET"]}}],"collection":[{"href":"https:\/\/customdecorators.com\/fr\/wp-json\/wp\/v2\/pages"}],"about":[{"href":"https:\/\/customdecorators.com\/fr\/wp-json\/wp\/v2\/types\/page"}],"author":[{"embeddable":true,"href":"https:\/\/customdecorators.com\/fr\/wp-json\/wp\/v2\/users\/1"}],"replies":[{"embeddable":true,"href":"https:\/\/customdecorators.com\/fr\/wp-json\/wp\/v2\/comments?post=593"}],"version-history":[{"count":0,"href":"https:\/\/customdecorators.com\/fr\/wp-json\/wp\/v2\/pages\/593\/revisions"}],"wp:attachment":[{"href":"https:\/\/customdecorators.com\/fr\/wp-json\/wp\/v2\/media?parent=593"}],"curies":[{"name":"wp","href":"https:\/\/api.w.org\/{rel}","templated":true}]}}