{"id":597,"date":"2021-11-30T15:38:16","date_gmt":"2021-11-30T21:38:16","guid":{"rendered":"https:\/\/customdecorators.com\/politique-de-confidentialite-2\/"},"modified":"2025-11-02T20:52:15","modified_gmt":"2025-11-03T02:52:15","slug":"politique-de-confidentialite-2","status":"publish","type":"page","link":"https:\/\/customdecorators.com\/fr\/politique-de-confidentialite-2\/","title":{"rendered":"Politique de confidentialit\u00e9"},"content":{"rendered":"\n<h2 class=\"wp-block-heading\"><strong>Politique de confidentialit\u00e9<\/strong><\/h2>\n<p><em>Derni\u00e8re mise \u00e0 jour : 31\/12\/2019<\/em><\/p>\n<p>Custom Decorators respecte vos pr\u00e9occupations en mati\u00e8re de confidentialit\u00e9. Le pr\u00e9sent avis sur la confidentialit\u00e9 s&rsquo;applique aux renseignements personnels que nous collectons sur les sites Web et les applications r\u00e9pertori\u00e9es ci-dessous (collectivement, les \u00ab&nbsp;Sites&nbsp;\u00bb).<\/p>\n<ul>\n<li>com<\/li>\n<li>Californie<\/li>\n<li>com<\/li>\n<li>formulaires de coordonn\u00e9es et de prospection sur les sites Web partenaires<\/li>\n<li>comptes sur les r\u00e9seaux sociaux<\/li>\n<\/ul>\n<p>Le pr\u00e9sent avis de confidentialit\u00e9 d\u00e9crit les types de renseignements personnels que nous recueillons sur les sites, comment nous pouvons utiliser ces renseignements et avec qui nous pouvons les partager. L&rsquo;avis sur la confidentialit\u00e9 d\u00e9crit aussi les mesures que nous prenons pour assurer la s\u00e9curit\u00e9 des renseignements. Nous expliquons \u00e9galement comment vous pouvez nous joindre pour nous demander de mettre \u00e0 jour vos pr\u00e9f\u00e9rences concernant la fa\u00e7on dont nous communiquons avec vous ou pour obtenir des r\u00e9ponses \u00e0 toutes vos questions sur nos pratiques en mati\u00e8re de confidentialit\u00e9.<\/p>\n<ul>\n<li>Les renseignements que vous nous fournissez<\/li>\n<li>Les renseignements que nous collectons par des moyens automatis\u00e9s<\/li>\n<li>Utilisation des donn\u00e9es utilis\u00e9es<\/li>\n<li>L&rsquo;information que nous partageons<\/li>\n<li>Vos choix<\/li>\n<li>Avis aux r\u00e9sidents de la Californie<\/li>\n<li>Protection des renseignements personnels<\/li>\n<li>Liens vers d&rsquo;autres sites Web<\/li>\n<li>Mises \u00e0 jour de notre politique de confidentialit\u00e9<\/li>\n<li>Pour communiquer avec nous<\/li>\n<\/ul>\n<p><strong>Les renseignements que nous recueillons<\/strong><\/p>\n<p><strong>Les renseignements que vous nous fournissez<\/strong><\/p>\n<p>Lorsque vous visitez les sites ou travaillez avec nous, vous pouvez nous fournir des renseignements personnels directement ou indirectement, notamment&nbsp;:<\/p>\n<ul>\n<li>Vos coordonn\u00e9es, incluant votre nom, votre adresse postale, votre num\u00e9ro de t\u00e9l\u00e9phone et votre adresse courriel<\/li>\n<li>Des renseignements pour le paiement, comme un num\u00e9ro de carte de cr\u00e9dit et la date d&rsquo;expiration<\/li>\n<li>Des photos, des images et des descriptions de votre domicile en lien avec les services que nous fournissons<\/li>\n<\/ul>\n<p><strong>Les renseignements que nous collectons par des moyens automatis\u00e9s<\/strong><\/p>\n<p>Lorsque vous visitez nos sites, nous pouvons collecter certains renseignements par des moyens automatis\u00e9s, en utilisant des technologies telles que les t\u00e9moins ( <em>cookies<\/em> ), les journaux de serveurs Web et les balises Web.<\/p>\n<p>Les t\u00e9moins des fichiers que les sites Web envoient \u00e0 votre ordinateur ou \u00e0 un autre p\u00e9riph\u00e9rique connect\u00e9 \u00e0 Internet afin d&rsquo;identifier votre navigateur et d&rsquo;y stocker des renseignements ou des param\u00e8tres. Votre peut vous informer lorsque vous recevez certains types de t\u00e9moins et comment limiter ou d\u00e9sactiver certains d&rsquo;entre eux. Veuillez noter que, sans les t\u00e9moins, vous ne serez peut-\u00eatre pas en mesure d&rsquo;utiliser toutes les fonctionnalit\u00e9s de notre site.<\/p>\n<p>Nos serveurs Web peuvent enregistrer des renseignements tels que le type de p\u00e9riph\u00e9rique que vous utilisez, le syst\u00e8me d&rsquo;exploitation, le navigateur, le domaine, l&rsquo;ID de l&rsquo;appareil et d&rsquo;autres param\u00e8tres des syst\u00e8mes comme la langue qu&rsquo;utilise votre syst\u00e8me ou le pays et le fuseau horaire dans lequel se trouve votre p\u00e9riph\u00e9rique. Les journaux du serveur Web peuvent \u00e9galement enregistrer des renseignements tels que l&rsquo;adresse de la page Web qui vous a r\u00e9f\u00e9r\u00e9 \u00e0 notre site et l&rsquo;adresse IP de l&rsquo;appareil que vous utilisez pour vous connecter \u00e0 Internet afin de vous offrir une exp\u00e9rience personnalis\u00e9e en fonction de votre situation g\u00e9ographique et \u00e0 d&rsquo;autres fins contenues dans le pr\u00e9sent avis sur la confidentialit\u00e9.<\/p>\n<p>Pour contr\u00f4ler quels serveurs Web collectent des informations par des moyens automatis\u00e9s, nous pouvons placer des balises sur nos pages Web appel\u00e9es \u00ab&nbsp;balises Web&nbsp;\u00bb. Il s&rsquo;agit de petits fichiers qui permettent de comprendre les actions des visiteurs sur nos sites. Nous utilisons une technologie similaire pour analyser les interactions des utilisateurs avec nos applications.<\/p>\n<p>Nous utilisons des services d&rsquo;analyse de nos sites fournis par des tiers tels que Google Analytics. Ces fournisseurs de services utilisent des t\u00e9moins et des balises Web ou d&rsquo;autres technologies pour nous aider \u00e0 analyser la fa\u00e7on dont les utilisateurs utilisent les Sites. Les renseignements recueillis au moyen de cette technologie (y compris, le cas \u00e9ch\u00e9ant, votre adresse IP) seront enregistr\u00e9s ou collect\u00e9s directement par ces fournisseurs de services qui utilisent ces renseignements pour faciliter l&rsquo;\u00e9valuation de votre utilisation des sites. <a href=\"http:\/\/tools.google.com\/dlpage\/gaoptout\">Pour en apprendre davantage sur Google Analytics et comment se d\u00e9sinscrire. \u00ab Ceci indique un lien vers un site externe qui ne respecte peut-\u00eatre pas les normes d&rsquo;accessibilit\u00e9. \u00bb<\/a><\/p>\n<p><strong>Utilisation des donn\u00e9es utilis\u00e9es <\/strong><\/p>\n<p>Nous pouvons utiliser les renseignements que nous obtenons \u00e0 votre sujet sur nos Sites \u00e0 diverses fins, notamment pour :<\/p>\n<ul>\n<li>Traiter, \u00e9valuer et r\u00e9pondre \u00e0 vos demandes, questions et candidatures<\/li>\n<li>Cr\u00e9er, administrer et communiquer avec vous \u00e0 propos de notre service<\/li>\n<li>Traiter vos achats et paiements<\/li>\n<li>R\u00e9aliser des sondages<\/li>\n<li>Vous envoyez des communications de marketing et de service par messages texte, t\u00e9l\u00e9phone, courriel ou par la poste<\/li>\n<li>Exploiter, \u00e9valuer et am\u00e9liorer notre entreprise (y compris le d\u00e9veloppement de nouveaux produits et services&nbsp;; g\u00e9rer nos communications&nbsp;; effectuer des \u00e9tudes de march\u00e9 et des analyses de donn\u00e9es&nbsp;; d\u00e9terminer et g\u00e9rer l&rsquo;efficacit\u00e9 de notre publicit\u00e9 et de notre marketing&nbsp;; analyser nos produits , services et Sites&nbsp;; administrer nos Sites et effectuer des activit\u00e9s de comptabilit\u00e9, d&rsquo;audit, de facturation, de conciliation et de recouvrement)<\/li>\n<li>Cr\u00e9er des donn\u00e9es agr\u00e9g\u00e9es ou autrement anonymis\u00e9es, que nous pouvons utiliser et diffuser sans restriction<\/li>\n<li>\u00c9valuer votre int\u00e9r\u00eat pour l&#8217;emploi et vous contacter au sujet d&rsquo;un \u00e9ventuel emploi<\/li>\n<li>Prot\u00e9ger et pr\u00e9venir la fraude, les transactions non autoris\u00e9es, les r\u00e9clamations et autres responsabilit\u00e9s, ainsi que g\u00e9rer l&rsquo;exposition aux risques et la qualit\u00e9<\/li>\n<li>Pour respecter et faire respecter les exigences l\u00e9gales applicables, les normes de l&rsquo;industrie ainsi que nos politiques et conditions, telles que nos conditions d&rsquo;utilisation<\/li>\n<\/ul>\n<p>Nous utilisons \u00e9galement les renseignements collect\u00e9s sur nos Sites \u00e0 fins de v\u00e9rification d&rsquo;identit\u00e9.<\/p>\n<p><strong>L&rsquo;information que nous partageons<\/strong><\/p>\n<p>Nous pouvons \u00e9galement communiquer des renseignements personnels vous concernant (i) si nous sommes tenus de le faire par d&rsquo;autres lois ou proc\u00e9dures judiciaires, (ii) aux autorit\u00e9s charg\u00e9es de l&rsquo;application de la loi, ou (iii) lorsque nous pensons que la divulgation est n\u00e9cessaire ou appropri\u00e9e pour \u00e9viter tout dommage ou perte, ou dans le cadre d&rsquo;une enqu\u00eate sur une activit\u00e9 suppos\u00e9e ou r\u00e9elle.<\/p>\n<p>Nous pouvons partager des renseignements avec nos sous-traitants qui fournissent des services en notre nom. Nous n&rsquo;autorisons pas ces prestataires de services \u00e0 utiliser ou \u00e0 divulguer vos renseignements personnels, sauf \u00e0 ex\u00e9cuter des services en notre nom ou pour respecter les conditions contractuelles.<\/p>\n<p>Nous r\u00e9servons \u00e9galement le droit de transmettre les renseignements personnels que nous poss\u00e9dons vous concernant en cas de vente ou de transfert de notre activit\u00e9 ou de nos actifs en partie ou en totalit\u00e9. Si une telle vente ou un tel transfert devait se produire, nous ferions tous les efforts raisonnables pour demander au b\u00e9n\u00e9ficiaire du transfert d&rsquo;utiliser les renseignements personnels que vous avez transmis dans le respect du pr\u00e9sent avis de confidentialit\u00e9.<\/p>\n<p><strong>Vos choix<\/strong><\/p>\n<p>Si vous souhaitez mettre \u00e0 jour ou modifier vos renseignements personnels ou vos pr\u00e9f\u00e9rences d&rsquo;abonnement, ou g\u00e9rer les notifications et les pr\u00e9f\u00e9rences relatives \u00e0 nos services, vous pouvez nous contacter de la fa\u00e7on d\u00e9crite dans la section \u00ab Comment nous contacter \u00bb ci-dessous.<\/p>\n<p>Vous pouvez aussi vous d\u00e9sabonner de notre liste d&rsquo;envoi de courriels promotionnels en cliquant sur le lien \u00ab se d\u00e9sabonner \u00bb dans les courriels concern\u00e9s.<\/p>\n<p>Vous pouvez \u00e9galement vous d\u00e9sabonner de notre service de messagerie mobile en voyant un texto \u00ab<strong>&nbsp;STOP<\/strong>&nbsp;\u00bb au <strong>800-253-3267<\/strong> . Pour plus d&rsquo;informations, veuillez consulter nos conditions g\u00e9n\u00e9rales sur l&rsquo;utilisation d&rsquo;appareils mobiles au <a href=\"https:\/\/customdecorators.com\/mobile-terms-and-conditions\/\">www.customdecorators.com\/mobile-terms-conditions<\/a> .<\/p>\n<p>Si vous avez cr\u00e9\u00e9 un compte sur nos pages <em>Careers<\/em> , vous pouvez mettre \u00e0 jour vos renseignements personnels. Pour ce faire, connectez-vous \u00e0 notre page <em>Careers<\/em> au <a href=\"https:\/\/customdecorators.com\/fr\/joindre-notre-equipe\/\">www.customdecorators.com\/careers\/<\/a> , puis choisissez mettre \u00e0 <em><u>jour mes informations<\/u><\/em> .<\/p>\n<p><strong>Protection des renseignements personnels<\/strong><\/p>\n<p>Nous maintenons en place des mesures de protection administratives, techniques et physiques con\u00e7ues pour prot\u00e9ger les renseignements personnels que vous fournissez sur nos Sites contre la destruction, la perte, la falsification, l&rsquo;acc\u00e8s, la divulgation ou l&rsquo;utilisation accidentelle, ill\u00e9gales ou non autoris\u00e9es et d&rsquo;autres formes ill\u00e9gales de traitement.<\/p>\n<p><strong>Liens vers d&rsquo;autres sites Web<\/strong><\/p>\n<p>Nos sites peuvent fournir des liens vers d&rsquo;autres sites Web et applications pour votre commodit\u00e9 et \u00e0 titre informatif. Ces sites Web peuvent \u00eatre exploit\u00e9s par des entreprises non affili\u00e9es \u00e0 Custom Decorators. Les sites Web recommand\u00e9s peuvent avoir leur propre politique de confidentialit\u00e9 que nous vous sugg\u00e9rons fortement de lire si vous les visitez. Nous ne sommes pas responsables du contenu sur les sites Web qui ne sont pas affili\u00e9s \u00e0 nous, de toute utilisation de ces sites Web ou des pratiques de confidentialit\u00e9 de ces sites Web.<\/p>\n<p><strong>Loi sur la protection de la vie priv\u00e9e de la Californie (California Online Privacy Protection Act)<\/strong><\/p>\n<p>Parce que nous estimons votre vie priv\u00e9e, nous avons l&rsquo;intention de respecter les exigences de la Loi sur la protection de la vie priv\u00e9e de la Californie ( <em>California Online Privacy Protection Act<\/em> ), y compris le respect des exigences de cette loi relative \u00e0 la distribution de vos renseignements personnels. Pour nous contacter concernant vos donn\u00e9es personnelles, veuillez remplir ce formulaire https:\/\/cloud.email.customdecorators.com\/CCPA ou nous t\u00e9l\u00e9phoner au 866-926-5677.<\/p>\n<p><strong>R\u00e9seaux sociaux<\/strong><\/p>\n<p>Votre utilisation et votre participation sur notre site \u00e0 des activit\u00e9s qui sont connect\u00e9es \u00e0 un r\u00e9seau social qui n&rsquo;est pas exploit\u00e9 par nous sommes soumis aux politiques de ces sites Web externes.<\/p>\n<p><strong>Mises \u00e0 jour de notre politique de confidentialit\u00e9<\/strong><\/p>\n<p>Cette politique de confidentialit\u00e9 peut \u00eatre mise \u00e0 jour \u00e0 jour et sans pr\u00e9avis pour les changements de nos pratiques concernant les personnels. Nous publions un avis bien visible sur customdecorators.com pour vous informer de tout changement important \u00e0 notre politique de confidentialit\u00e9 et nous indiquerons en haut de l&rsquo;avis la date \u00e0 laquelle celui-ci a \u00e9t\u00e9 mis \u00e0 jour.<\/p>\n<p><strong>Pour communiquer avec nous<\/strong><\/p>\n<p>Si vous avez des questions ou des commentaires sur le pr\u00e9sent avis de confidentialit\u00e9, ou si vous souhaitez que nous rencontrions \u00e0 jour les renseignements que nous d\u00e9tenons \u00e0 votre sujet ou vos pr\u00e9f\u00e9rences, veuillez nous contacter comme indiqu\u00e9 ci-dessous&nbsp;:<\/p>\n<p><strong>Service Exp\u00e9rience Client\/D\u00e9corateurs sur mesure<\/strong><\/p>\n<p>12006 Place du Jardin SW<br>Portland, OR 97223<\/p>\n<p><a href=\"mailto:customerservice@customdecorators.com\">serviceclient@customdecorators.com<\/a><br>800-253-3267<br>Du lundi au vendredi de 8 h \u00e0 17 h (heure du Pacifique)<\/p>\n<h1><strong> <\/strong><\/h1>\n<p><strong> <\/strong><\/p>\n<p><strong>Votre acceptation de ces conditions<\/strong><\/p>\n<p>En utilisant ces Sites, vous indiquez votre accord avec la pr\u00e9sente politique de confidentialit\u00e9. Si vous n&rsquo;acceptez pas les conditions relatives au traitement des renseignements personnels, veuillez quitter ce site Internet. Votre utilisation continue de ce site apr\u00e8s toute modification de la pr\u00e9sente politique de confidentialit\u00e9 constituant votre acceptation de ces modifications.<\/p>\n<p>&nbsp;<\/p>\n","protected":false},"excerpt":{"rendered":"<p>Politique de confidentialit\u00e9 Derni\u00e8re mise \u00e0 jour : 31\/12\/2019 Custom Decorators respecte vos pr\u00e9occupations en mati\u00e8re de confidentialit\u00e9. Le pr\u00e9sent avis sur la confidentialit\u00e9 s&rsquo;applique aux renseignements personnels que nous collectons sur les sites Web et les applications r\u00e9pertori\u00e9es ci-dessous (collectivement, les \u00ab&nbsp;Sites&nbsp;\u00bb). com Californie com formulaires de coordonn\u00e9es et de prospection sur les sites&hellip;<\/p>\n","protected":false},"author":1,"featured_media":0,"parent":0,"menu_order":0,"comment_status":"closed","ping_status":"open","template":"","meta":{"footnotes":""},"class_list":["post-597","page","type-page","status-publish","hentry","description-off"],"yoast_head":"<!-- This site is optimized with the Yoast SEO plugin v27.4 - https:\/\/yoast.com\/product\/yoast-seo-wordpress\/ -->\n<title>Politique de confidentialit\u00e9 - Custom Decorators<\/title>\n<meta name=\"robots\" content=\"index, follow, max-snippet:-1, max-image-preview:large, max-video-preview:-1\" \/>\n<link rel=\"canonical\" href=\"https:\/\/customdecorators.com\/fr\/politique-de-confidentialite-2\/\" \/>\n<meta property=\"og:locale\" content=\"fr_FR\" \/>\n<meta property=\"og:type\" content=\"article\" \/>\n<meta property=\"og:title\" content=\"Politique de confidentialit\u00e9 - Custom Decorators\" \/>\n<meta property=\"og:description\" content=\"Politique de confidentialit\u00e9 Derni\u00e8re mise \u00e0 jour : 31\/12\/2019 Custom Decorators respecte vos pr\u00e9occupations en mati\u00e8re de confidentialit\u00e9. Le pr\u00e9sent avis sur la confidentialit\u00e9 s&rsquo;applique aux renseignements personnels que nous collectons sur les sites Web et les applications r\u00e9pertori\u00e9es ci-dessous (collectivement, les \u00ab&nbsp;Sites&nbsp;\u00bb). com Californie com formulaires de coordonn\u00e9es et de prospection sur les sites&hellip;\" \/>\n<meta property=\"og:url\" content=\"https:\/\/customdecorators.com\/fr\/politique-de-confidentialite-2\/\" \/>\n<meta property=\"og:site_name\" content=\"Custom Decorators\" \/>\n<meta property=\"article:publisher\" content=\"https:\/\/www.facebook.com\/CustomDecoratorsInc\" \/>\n<meta property=\"article:modified_time\" content=\"2025-11-03T02:52:15+00:00\" \/>\n<meta name=\"twitter:card\" content=\"summary_large_image\" \/>\n<meta name=\"twitter:label1\" content=\"Dur\u00e9e de lecture estim\u00e9e\" \/>\n\t<meta name=\"twitter:data1\" content=\"9 minutes\" \/>\n<script type=\"application\/ld+json\" class=\"yoast-schema-graph\">{\"@context\":\"https:\\\/\\\/schema.org\",\"@graph\":[{\"@type\":\"WebPage\",\"@id\":\"https:\\\/\\\/customdecorators.com\\\/fr\\\/politique-de-confidentialite-2\\\/\",\"url\":\"https:\\\/\\\/customdecorators.com\\\/fr\\\/politique-de-confidentialite-2\\\/\",\"name\":\"Politique de confidentialit\u00e9 - Custom Decorators\",\"isPartOf\":{\"@id\":\"https:\\\/\\\/customdecorators.com\\\/fr\\\/#website\"},\"datePublished\":\"2021-11-30T21:38:16+00:00\",\"dateModified\":\"2025-11-03T02:52:15+00:00\",\"breadcrumb\":{\"@id\":\"https:\\\/\\\/customdecorators.com\\\/fr\\\/politique-de-confidentialite-2\\\/#breadcrumb\"},\"inLanguage\":\"fr-FR\",\"potentialAction\":[{\"@type\":\"ReadAction\",\"target\":[\"https:\\\/\\\/customdecorators.com\\\/fr\\\/politique-de-confidentialite-2\\\/\"]}]},{\"@type\":\"BreadcrumbList\",\"@id\":\"https:\\\/\\\/customdecorators.com\\\/fr\\\/politique-de-confidentialite-2\\\/#breadcrumb\",\"itemListElement\":[{\"@type\":\"ListItem\",\"position\":1,\"name\":\"Home\",\"item\":\"https:\\\/\\\/customdecorators.com\\\/fr\\\/\"},{\"@type\":\"ListItem\",\"position\":2,\"name\":\"Politique de confidentialit\u00e9\"}]},{\"@type\":\"WebSite\",\"@id\":\"https:\\\/\\\/customdecorators.com\\\/fr\\\/#website\",\"url\":\"https:\\\/\\\/customdecorators.com\\\/fr\\\/\",\"name\":\"Custom Decorators\",\"description\":\"Personalized Decorating Services\",\"publisher\":{\"@id\":\"https:\\\/\\\/customdecorators.com\\\/fr\\\/#organization\"},\"potentialAction\":[{\"@type\":\"SearchAction\",\"target\":{\"@type\":\"EntryPoint\",\"urlTemplate\":\"https:\\\/\\\/customdecorators.com\\\/fr\\\/?s={search_term_string}\"},\"query-input\":{\"@type\":\"PropertyValueSpecification\",\"valueRequired\":true,\"valueName\":\"search_term_string\"}}],\"inLanguage\":\"fr-FR\"},{\"@type\":\"Organization\",\"@id\":\"https:\\\/\\\/customdecorators.com\\\/fr\\\/#organization\",\"name\":\"Custom Decorators\",\"url\":\"https:\\\/\\\/customdecorators.com\\\/fr\\\/\",\"logo\":{\"@type\":\"ImageObject\",\"inLanguage\":\"fr-FR\",\"@id\":\"https:\\\/\\\/customdecorators.com\\\/fr\\\/#\\\/schema\\\/logo\\\/image\\\/\",\"url\":\"https:\\\/\\\/customdecorators.com\\\/wp-content\\\/uploads\\\/2022\\\/04\\\/CDI-Logo-1.png\",\"contentUrl\":\"https:\\\/\\\/customdecorators.com\\\/wp-content\\\/uploads\\\/2022\\\/04\\\/CDI-Logo-1.png\",\"width\":211,\"height\":55,\"caption\":\"Custom Decorators\"},\"image\":{\"@id\":\"https:\\\/\\\/customdecorators.com\\\/fr\\\/#\\\/schema\\\/logo\\\/image\\\/\"},\"sameAs\":[\"https:\\\/\\\/www.facebook.com\\\/CustomDecoratorsInc\",\"https:\\\/\\\/www.linkedin.com\\\/company\\\/custom-decorators-inc.?trk=company_logo\"]}]}<\/script>\n<!-- \/ Yoast SEO plugin. -->","yoast_head_json":{"title":"Politique de confidentialit\u00e9 - Custom Decorators","robots":{"index":"index","follow":"follow","max-snippet":"max-snippet:-1","max-image-preview":"max-image-preview:large","max-video-preview":"max-video-preview:-1"},"canonical":"https:\/\/customdecorators.com\/fr\/politique-de-confidentialite-2\/","og_locale":"fr_FR","og_type":"article","og_title":"Politique de confidentialit\u00e9 - Custom Decorators","og_description":"Politique de confidentialit\u00e9 Derni\u00e8re mise \u00e0 jour : 31\/12\/2019 Custom Decorators respecte vos pr\u00e9occupations en mati\u00e8re de confidentialit\u00e9. Le pr\u00e9sent avis sur la confidentialit\u00e9 s&rsquo;applique aux renseignements personnels que nous collectons sur les sites Web et les applications r\u00e9pertori\u00e9es ci-dessous (collectivement, les \u00ab&nbsp;Sites&nbsp;\u00bb). com Californie com formulaires de coordonn\u00e9es et de prospection sur les sites&hellip;","og_url":"https:\/\/customdecorators.com\/fr\/politique-de-confidentialite-2\/","og_site_name":"Custom Decorators","article_publisher":"https:\/\/www.facebook.com\/CustomDecoratorsInc","article_modified_time":"2025-11-03T02:52:15+00:00","twitter_card":"summary_large_image","twitter_misc":{"Dur\u00e9e de lecture estim\u00e9e":"9 minutes"},"schema":{"@context":"https:\/\/schema.org","@graph":[{"@type":"WebPage","@id":"https:\/\/customdecorators.com\/fr\/politique-de-confidentialite-2\/","url":"https:\/\/customdecorators.com\/fr\/politique-de-confidentialite-2\/","name":"Politique de confidentialit\u00e9 - Custom Decorators","isPartOf":{"@id":"https:\/\/customdecorators.com\/fr\/#website"},"datePublished":"2021-11-30T21:38:16+00:00","dateModified":"2025-11-03T02:52:15+00:00","breadcrumb":{"@id":"https:\/\/customdecorators.com\/fr\/politique-de-confidentialite-2\/#breadcrumb"},"inLanguage":"fr-FR","potentialAction":[{"@type":"ReadAction","target":["https:\/\/customdecorators.com\/fr\/politique-de-confidentialite-2\/"]}]},{"@type":"BreadcrumbList","@id":"https:\/\/customdecorators.com\/fr\/politique-de-confidentialite-2\/#breadcrumb","itemListElement":[{"@type":"ListItem","position":1,"name":"Home","item":"https:\/\/customdecorators.com\/fr\/"},{"@type":"ListItem","position":2,"name":"Politique de confidentialit\u00e9"}]},{"@type":"WebSite","@id":"https:\/\/customdecorators.com\/fr\/#website","url":"https:\/\/customdecorators.com\/fr\/","name":"Custom Decorators","description":"Personalized Decorating Services","publisher":{"@id":"https:\/\/customdecorators.com\/fr\/#organization"},"potentialAction":[{"@type":"SearchAction","target":{"@type":"EntryPoint","urlTemplate":"https:\/\/customdecorators.com\/fr\/?s={search_term_string}"},"query-input":{"@type":"PropertyValueSpecification","valueRequired":true,"valueName":"search_term_string"}}],"inLanguage":"fr-FR"},{"@type":"Organization","@id":"https:\/\/customdecorators.com\/fr\/#organization","name":"Custom Decorators","url":"https:\/\/customdecorators.com\/fr\/","logo":{"@type":"ImageObject","inLanguage":"fr-FR","@id":"https:\/\/customdecorators.com\/fr\/#\/schema\/logo\/image\/","url":"https:\/\/customdecorators.com\/wp-content\/uploads\/2022\/04\/CDI-Logo-1.png","contentUrl":"https:\/\/customdecorators.com\/wp-content\/uploads\/2022\/04\/CDI-Logo-1.png","width":211,"height":55,"caption":"Custom Decorators"},"image":{"@id":"https:\/\/customdecorators.com\/fr\/#\/schema\/logo\/image\/"},"sameAs":["https:\/\/www.facebook.com\/CustomDecoratorsInc","https:\/\/www.linkedin.com\/company\/custom-decorators-inc.?trk=company_logo"]}]}},"_links":{"self":[{"href":"https:\/\/customdecorators.com\/fr\/wp-json\/wp\/v2\/pages\/597","targetHints":{"allow":["GET"]}}],"collection":[{"href":"https:\/\/customdecorators.com\/fr\/wp-json\/wp\/v2\/pages"}],"about":[{"href":"https:\/\/customdecorators.com\/fr\/wp-json\/wp\/v2\/types\/page"}],"author":[{"embeddable":true,"href":"https:\/\/customdecorators.com\/fr\/wp-json\/wp\/v2\/users\/1"}],"replies":[{"embeddable":true,"href":"https:\/\/customdecorators.com\/fr\/wp-json\/wp\/v2\/comments?post=597"}],"version-history":[{"count":0,"href":"https:\/\/customdecorators.com\/fr\/wp-json\/wp\/v2\/pages\/597\/revisions"}],"wp:attachment":[{"href":"https:\/\/customdecorators.com\/fr\/wp-json\/wp\/v2\/media?parent=597"}],"curies":[{"name":"wp","href":"https:\/\/api.w.org\/{rel}","templated":true}]}}